{"id":99,"date":"2026-02-02T11:39:57","date_gmt":"2026-02-02T11:39:57","guid":{"rendered":"https:\/\/malt.pt\/?page_id=99"},"modified":"2026-02-02T12:10:09","modified_gmt":"2026-02-02T12:10:09","slug":"politica-de-cookies","status":"publish","type":"page","link":"https:\/\/malt.pt\/?page_id=99","title":{"rendered":""},"content":{"rendered":"\t\t<div data-elementor-type=\"wp-page\" data-elementor-id=\"99\" class=\"elementor elementor-99\">\n\t\t\t\t<div class=\"elementor-element elementor-element-11b07c7 e-flex e-con-boxed e-con e-parent\" data-id=\"11b07c7\" data-element_type=\"container\" data-e-type=\"container\">\n\t\t\t\t\t<div class=\"e-con-inner\">\n\t\t\t\t<div class=\"elementor-element elementor-element-0026b6f elementor-widget-divider--view-line elementor-widget elementor-widget-divider\" data-id=\"0026b6f\" data-element_type=\"widget\" data-e-type=\"widget\" data-widget_type=\"divider.default\">\n\t\t\t\t\t\t\t<div class=\"elementor-divider\">\n\t\t\t<span class=\"elementor-divider-separator\">\n\t\t\t\t\t\t<\/span>\n\t\t<\/div>\n\t\t\t\t\t\t<\/div>\n\t\t\t\t\t<\/div>\n\t\t\t\t<\/div>\n\t\t<div class=\"elementor-element elementor-element-9863a70 e-flex e-con-boxed e-con e-parent\" data-id=\"9863a70\" data-element_type=\"container\" data-e-type=\"container\">\n\t\t\t\t\t<div class=\"e-con-inner\">\n\t\t\t\t<div class=\"elementor-element elementor-element-ba7cb12 elementor-widget elementor-widget-heading\" data-id=\"ba7cb12\" data-element_type=\"widget\" data-e-type=\"widget\" data-widget_type=\"heading.default\">\n\t\t\t\t\t<h3 class=\"elementor-heading-title elementor-size-default\">POL\u00cdTICA DE COOKIES<\/h3>\t\t\t\t<\/div>\n\t\t\t\t\t<\/div>\n\t\t\t\t<\/div>\n\t\t<div class=\"elementor-element elementor-element-2dd475b e-flex e-con-boxed e-con e-parent\" data-id=\"2dd475b\" data-element_type=\"container\" data-e-type=\"container\">\n\t\t\t\t\t<div class=\"e-con-inner\">\n\t\t\t\t<div class=\"elementor-element elementor-element-7cc9a10 elementor-widget elementor-widget-text-editor\" data-id=\"7cc9a10\" data-element_type=\"widget\" data-e-type=\"widget\" data-widget_type=\"text-editor.default\">\n\t\t\t\t\t\t\t\t\t<div class=\"elementor-element elementor-element-9386225 e-flex e-con-boxed e-con e-parent e-lazyloaded\" data-id=\"9386225\" data-element_type=\"container\"><div class=\"e-con-inner\"><p class=\"elementor-element elementor-element-9b9cb74 elementor-widget elementor-widget-heading\" data-id=\"9b9cb74\" data-element_type=\"widget\" data-widget_type=\"heading.default\"><strong style=\"font-size: 16px;\">O que s\u00e3o cookies?<br \/><\/strong>Cookies s\u00e3o pequenos arquivos de texto armazenados no seu dispositivo quando visita um site. Eles ajudam a melhorar a experi\u00eancia do usu\u00e1rio, lembrando as suas prefer\u00eancias e visitas anteriores.<\/p><\/div><\/div><div class=\"elementor-element elementor-element-e73c077 e-flex e-con-boxed e-con e-parent e-lazyloaded\" data-id=\"e73c077\" data-element_type=\"container\"><div class=\"e-con-inner\"><div class=\"elementor-element elementor-element-6231979c elementor-widget elementor-widget-text-editor\" data-id=\"6231979c\" data-element_type=\"widget\" data-widget_type=\"text-editor.default\"><div id=\"SITE_PAGES\" class=\"JsJXaX SITE_PAGES\"><div id=\"c8peh\" class=\"dBAkHi theme-vars c8peh\"><div class=\"HT5ybB\"><div id=\"Containerc8peh\" class=\"Containerc8peh SPY_vo\"><div class=\"\" data-mesh-id=\"Containerc8pehinlineContent\" data-testid=\"inline-content\"><div data-mesh-id=\"Containerc8pehinlineContent-gridContainer\" data-testid=\"mesh-container-content\"><section id=\"comp-lvcynfox\" class=\"Oqnisf comp-lvcynfox wixui-section\" tabindex=\"-1\" data-block-level-container=\"ClassicSection\"><div class=\"\" data-mesh-id=\"comp-lvcynfoxinlineContent\" data-testid=\"inline-content\"><div data-mesh-id=\"comp-lvcynfoxinlineContent-gridContainer\" data-testid=\"mesh-container-content\"><section id=\"comp-l6p4nrw31\" class=\"comp-l6p4nrw31 CohWsy wixui-column-strip\"><div class=\"V5AUxf\" data-testid=\"columns\"><div id=\"comp-l6p4nrw51\" class=\"comp-l6p4nrw51 YzqVVZ wixui-column-strip__column\"><div class=\"\" data-mesh-id=\"comp-l6p4nrw51inlineContent\" data-testid=\"inline-content\"><div data-mesh-id=\"comp-l6p4nrw51inlineContent-gridContainer\" data-testid=\"mesh-container-content\"><p class=\"Z_l5lU ku3DBC zQ9jDz qvSjx3 Vq6kJx comp-l6p4nrwf1 wixui-rich-text\" data-testid=\"richTextElement\">\u200b<strong><span class=\"wixui-rich-text__text\">Tipo de cookies que utilizamos<br \/><\/span><\/strong>Cookies Estritamente Necess\u00e1rios: Essenciais para o funcionamento do site. Sem eles, o site n\u00e3o funcionar\u00e1 corretamente. Utilizamos cookies e tecnologias similares para melhorar a experi\u00eancia do usu\u00e1rio, analisar padr\u00f5es de tr\u00e1fego e personalizar conte\u00fado.\u200b<br \/><br \/><strong><span class=\"wixui-rich-text__text\">Altera\u00e7\u00e3o a esta pol\u00edtica de cookies<br \/><\/span><\/strong>Podemos atualizar a nossa Pol\u00edtica de Cookies periodicamente. Qualquer altera\u00e7\u00e3o ser\u00e1 publicada nesta p\u00e1gina. Recomendamos que reveja esta pol\u00edtica regularmente para se manter informado sobre o uso de cookies.\u200b<\/p><p class=\"Z_l5lU ku3DBC zQ9jDz qvSjx3 Vq6kJx comp-l6p4nrwf1 wixui-rich-text\" data-testid=\"richTextElement\"><strong><span class=\"wixui-rich-text__text\">Contacto<br \/><\/span><\/strong>Se tiver alguma d\u00favida sobre esta Pol\u00edtica de Privacidade, entre em contato connosco:<br \/><strong>E-mail:<\/strong> geral@malt.pt<br \/><strong>Telefone:<\/strong> +351 255 310 536<br \/><strong>Morada:<\/strong> Rua Padre Jos\u00e9 Peixoto Dias 793\u00a0<br \/>4610-285 Margaride, Felgueiras, Portugal<\/p><\/div><\/div><\/div><\/div><\/section><\/div><\/div><\/section><\/div><\/div><\/div><\/div><\/div><\/div><\/div><\/div><\/div>\t\t\t\t\t\t\t\t<\/div>\n\t\t\t\t\t<\/div>\n\t\t\t\t<\/div>\n\t\t<div class=\"elementor-element elementor-element-1e743799 e-flex e-con-boxed e-con e-parent\" data-id=\"1e743799\" data-element_type=\"container\" data-e-type=\"container\">\n\t\t\t\t\t<div class=\"e-con-inner\">\n\t\t\t\t<div class=\"elementor-element elementor-element-709d9e24 elementor-widget elementor-widget-text-editor\" data-id=\"709d9e24\" data-element_type=\"widget\" data-e-type=\"widget\" data-widget_type=\"text-editor.default\">\n\t\t\t\t\t\t\t\t\t<p><a href=\"https:\/\/malt.pt\/?page_id=3\"><span style=\"text-decoration: underline;\">Pol\u00edtica de Privacidade<\/span><\/a><\/p>\n<p><span style=\"text-decoration: underline;\"><a href=\"https:\/\/malt.pt\/?page_id=99\">Pol\u00edtica de Cookies<\/a><br><\/span><\/p>\n<p>MALT | 2026 Todos os direitos reservados<\/p>\n<p><\/p>\n<p><span style=\"text-decoration: underline;\">&nbsp;<\/span><\/p>\t\t\t\t\t\t\t\t<\/div>\n\t\t\t\t\t<\/div>\n\t\t\t\t<\/div>\n\t\t<div class=\"elementor-element elementor-element-7574ac75 e-flex e-con-boxed e-con e-parent\" data-id=\"7574ac75\" data-element_type=\"container\" data-e-type=\"container\">\n\t\t\t\t\t<div class=\"e-con-inner\">\n\t\t\t\t\t<\/div>\n\t\t\t\t<\/div>\n\t\t\t\t<\/div>\n\t\t","protected":false},"excerpt":{"rendered":"<p>POL\u00cdTICA DE COOKIES O que s\u00e3o cookies?Cookies s\u00e3o pequenos arquivos de texto armazenados no seu dispositivo quando visita um site. Eles ajudam a melhorar a experi\u00eancia do usu\u00e1rio, lembrando as suas prefer\u00eancias e visitas anteriores. \u200bTipo de cookies que utilizamosCookies Estritamente Necess\u00e1rios: Essenciais para o funcionamento do site. Sem eles, o site n\u00e3o funcionar\u00e1 corretamente. [&hellip;]<\/p>\n","protected":false},"author":1,"featured_media":0,"parent":0,"menu_order":0,"comment_status":"closed","ping_status":"closed","template":"","meta":{"footnotes":""},"class_list":["post-99","page","type-page","status-publish","hentry"],"_links":{"self":[{"href":"https:\/\/malt.pt\/index.php?rest_route=\/wp\/v2\/pages\/99","targetHints":{"allow":["GET"]}}],"collection":[{"href":"https:\/\/malt.pt\/index.php?rest_route=\/wp\/v2\/pages"}],"about":[{"href":"https:\/\/malt.pt\/index.php?rest_route=\/wp\/v2\/types\/page"}],"author":[{"embeddable":true,"href":"https:\/\/malt.pt\/index.php?rest_route=\/wp\/v2\/users\/1"}],"replies":[{"embeddable":true,"href":"https:\/\/malt.pt\/index.php?rest_route=%2Fwp%2Fv2%2Fcomments&post=99"}],"version-history":[{"count":18,"href":"https:\/\/malt.pt\/index.php?rest_route=\/wp\/v2\/pages\/99\/revisions"}],"predecessor-version":[{"id":150,"href":"https:\/\/malt.pt\/index.php?rest_route=\/wp\/v2\/pages\/99\/revisions\/150"}],"wp:attachment":[{"href":"https:\/\/malt.pt\/index.php?rest_route=%2Fwp%2Fv2%2Fmedia&parent=99"}],"curies":[{"name":"wp","href":"https:\/\/api.w.org\/{rel}","templated":true}]}}